{"id":9,"date":"2024-03-27T23:52:49","date_gmt":"2024-03-27T23:52:49","guid":{"rendered":"https:\/\/semisauvages.net\/permaculture\/?page_id=9"},"modified":"2024-05-01T09:56:26","modified_gmt":"2024-05-01T09:56:26","slug":"contact","status":"publish","type":"page","link":"https:\/\/semisauvages.net\/permaculture\/contact\/","title":{"rendered":"Contact"},"content":{"rendered":"\n<div class=\"wp-block-cover alignfull is-light\" style=\"min-height:175px;aspect-ratio:unset;\"><span aria-hidden=\"true\" class=\"wp-block-cover__background has-nv-site-bg-background-color has-background-dim-100 has-background-dim\"><\/span><div class=\"wp-block-cover__inner-container is-layout-flow wp-block-cover-is-layout-flow\">\n<div class=\"wp-block-group\"><div class=\"wp-block-group__inner-container is-layout-flow wp-block-group-is-layout-flow\">\n<h2 class=\"wp-block-heading has-text-align-left has-neve-text-color-color has-text-color\">Des questions, suggestions ?<\/h2>\n<\/div><\/div>\n\n\n\n<figure class=\"wp-block-image size-full is-resized\"><img fetchpriority=\"high\" decoding=\"async\" width=\"875\" height=\"276\" src=\"https:\/\/semisauvages.net\/permaculture\/wp-content\/uploads\/2024\/05\/contact-banner-1024x323_jpg-edited.png\" alt=\"\" class=\"wp-image-305\" style=\"width:1151px;height:auto\" srcset=\"https:\/\/semisauvages.net\/permaculture\/wp-content\/uploads\/2024\/05\/contact-banner-1024x323_jpg-edited.png 875w, https:\/\/semisauvages.net\/permaculture\/wp-content\/uploads\/2024\/05\/contact-banner-1024x323_jpg-edited-300x95.png 300w, https:\/\/semisauvages.net\/permaculture\/wp-content\/uploads\/2024\/05\/contact-banner-1024x323_jpg-edited-768x242.png 768w\" sizes=\"(max-width: 875px) 100vw, 875px\" \/><\/figure>\n<\/div><\/div>\n\n\n\n<div class=\"wp-block-cover alignfull is-light\" style=\"min-height:312px;aspect-ratio:unset;\"><span aria-hidden=\"true\" class=\"wp-block-cover__background has-nv-light-bg-background-color has-background-dim-100 has-background-dim\"><\/span><div class=\"wp-block-cover__inner-container is-layout-flow wp-block-cover-is-layout-flow\">\n<div class=\"wp-block-columns is-layout-flex wp-container-core-columns-is-layout-9d6595d7 wp-block-columns-is-layout-flex\">\n<div class=\"wp-block-column is-layout-flow wp-block-column-is-layout-flow\">\n<div style=\"height:24px\" aria-hidden=\"true\" class=\"wp-block-spacer\"><\/div>\n\n\n<div class=\"wp-block-image is-resized icon-style is-style-rounded\">\n<figure class=\"aligncenter\"><img decoding=\"async\" src=\"https:\/\/semisauvages.net\/permaculture\/wp-content\/themes\/neve\/assets\/img\/starter-content\/icon-05.svg\" alt=\"\"\/><\/figure>\n<\/div>\n\n\n<h3 class=\"wp-block-heading has-text-align-center has-neve-text-color-color has-text-color\">Appelez-nous<\/h3>\n\n\n\n<p class=\"has-text-align-center has-neve-text-color-color has-text-color\" style=\"font-size:15px\">+33(0)6 07 01 88 57 | Lundi &#8211; Vendredi<\/p>\n\n\n\n<div style=\"height:24px\" aria-hidden=\"true\" class=\"wp-block-spacer\"><\/div>\n<\/div>\n\n\n\n<div class=\"wp-block-column is-layout-flow wp-block-column-is-layout-flow\">\n<div style=\"height:24px\" aria-hidden=\"true\" class=\"wp-block-spacer\"><\/div>\n\n\n<div class=\"wp-block-image is-resized icon-style is-style-rounded\">\n<figure class=\"aligncenter\"><img decoding=\"async\" src=\"https:\/\/semisauvages.net\/permaculture\/wp-content\/themes\/neve\/assets\/img\/starter-content\/icon-06.svg\" alt=\"\"\/><\/figure>\n<\/div>\n\n\n<h3 class=\"wp-block-heading has-text-align-center has-neve-text-color-color has-text-color\">Email<\/h3>\n\n\n\n<p class=\"has-text-align-center has-neve-text-color-color has-text-color\" style=\"font-size:15px\">contact@semisauvages.net<\/p>\n\n\n\n<div style=\"height:2px\" aria-hidden=\"true\" class=\"wp-block-spacer\"><\/div>\n<\/div>\n\n\n\n<div class=\"wp-block-column is-layout-flow wp-block-column-is-layout-flow\">\n<div style=\"height:24px\" aria-hidden=\"true\" class=\"wp-block-spacer\"><\/div>\n\n\n<div class=\"wp-block-image is-resized icon-style is-style-rounded\">\n<figure class=\"aligncenter\"><img decoding=\"async\" src=\"https:\/\/semisauvages.net\/permaculture\/wp-content\/themes\/neve\/assets\/img\/starter-content\/icon-04.svg\" alt=\"\"\/><\/figure>\n<\/div>\n\n\n<h3 class=\"wp-block-heading has-text-align-center has-neve-text-color-color has-text-color\">Bureaux<\/h3>\n\n\n\n<p class=\"has-text-align-center has-neve-text-color-color has-text-color\" style=\"font-size:15px\">4 chemin des pardons, 77760 Larchant<\/p>\n\n\n\n<div style=\"height:24px\" aria-hidden=\"true\" class=\"wp-block-spacer\"><\/div>\n<\/div>\n<\/div>\n\n\n\n<div style=\"height:30px\" aria-hidden=\"true\" class=\"wp-block-spacer\"><\/div>\n\n\n\n<figure class=\"wp-block-image size-full is-resized\"><img decoding=\"async\" width=\"870\" height=\"217\" src=\"https:\/\/semisauvages.net\/permaculture\/wp-content\/uploads\/2024\/05\/bandeau-formations-en-ligne-1.jpg\" alt=\"\" class=\"wp-image-304\" style=\"width:1171px;height:auto\" srcset=\"https:\/\/semisauvages.net\/permaculture\/wp-content\/uploads\/2024\/05\/bandeau-formations-en-ligne-1.jpg 870w, https:\/\/semisauvages.net\/permaculture\/wp-content\/uploads\/2024\/05\/bandeau-formations-en-ligne-1-300x75.jpg 300w, https:\/\/semisauvages.net\/permaculture\/wp-content\/uploads\/2024\/05\/bandeau-formations-en-ligne-1-768x192.jpg 768w\" sizes=\"(max-width: 870px) 100vw, 870px\" \/><\/figure>\n<\/div><\/div>\n\n\n\n<div class=\"wp-block-cover alignfull is-light\" style=\"min-height:600px;aspect-ratio:unset;\"><span aria-hidden=\"true\" class=\"wp-block-cover__background has-nv-dark-bg-background-color has-background-dim-100 has-background-dim\"><\/span><div class=\"wp-block-cover__inner-container is-layout-flow wp-block-cover-is-layout-flow\">\n<div class=\"wp-block-group\"><div class=\"wp-block-group__inner-container is-layout-flow wp-block-group-is-layout-flow\">\n<div style=\"height:80px\" aria-hidden=\"true\" class=\"wp-block-spacer\"><\/div>\n\n\n\n<div class=\"wp-block-columns is-layout-flex wp-container-core-columns-is-layout-9d6595d7 wp-block-columns-is-layout-flex\">\n<div class=\"wp-block-column is-vertically-aligned-center is-layout-flow wp-block-column-is-layout-flow\" style=\"flex-basis:50%\">\n<h2 class=\"wp-block-heading has-nv-text-dark-bg-color has-text-color\">Envoyez-nous un message ou passez nous rendre visite<\/h2>\n\n\n\n<p class=\"has-white-color has-text-color\">Prenez RDV, t\u00e9l\u00e9chargez le plan d&rsquo;acc\u00e8s ci-contre<br>ou utilisez les coordonn\u00e9es t\u00e9l\u00e9phoniques ou m\u00e9l ci dessus.<\/p>\n<\/div>\n\n\n\n<div class=\"wp-block-column is-vertically-aligned-center is-layout-flow wp-block-column-is-layout-flow\" style=\"flex-basis:50%\">\n<figure class=\"wp-block-image size-large\"><a href=\"https:\/\/semisauvages.net\/downloads\/acces-semis-sauvages-Larchant.pdf\"><img decoding=\"async\" width=\"1024\" height=\"690\" src=\"https:\/\/semisauvages.net\/permaculture\/wp-content\/uploads\/2024\/04\/acces-Larchant-1024x690.png\" alt=\"\" class=\"wp-image-123\" srcset=\"https:\/\/semisauvages.net\/permaculture\/wp-content\/uploads\/2024\/04\/acces-Larchant-1024x690.png 1024w, https:\/\/semisauvages.net\/permaculture\/wp-content\/uploads\/2024\/04\/acces-Larchant-300x202.png 300w, https:\/\/semisauvages.net\/permaculture\/wp-content\/uploads\/2024\/04\/acces-Larchant-768x518.png 768w, https:\/\/semisauvages.net\/permaculture\/wp-content\/uploads\/2024\/04\/acces-Larchant-1536x1036.png 1536w, https:\/\/semisauvages.net\/permaculture\/wp-content\/uploads\/2024\/04\/acces-Larchant-2048x1381.png 2048w\" sizes=\"(max-width: 1024px) 100vw, 1024px\" \/><\/a><\/figure>\n<\/div>\n<\/div>\n\n\n\n<div style=\"height:40px\" aria-hidden=\"true\" class=\"wp-block-spacer\"><\/div>\n<\/div><\/div>\n<\/div><\/div>\n","protected":false},"excerpt":{"rendered":"","protected":false},"author":1,"featured_media":0,"parent":0,"menu_order":0,"comment_status":"closed","ping_status":"closed","template":"","meta":{"neve_meta_sidebar":"","neve_meta_container":"","neve_meta_enable_content_width":"on","neve_meta_content_width":100,"neve_meta_title_alignment":"","neve_meta_author_avatar":"","neve_post_elements_order":"","neve_meta_disable_header":"","neve_meta_disable_footer":"","neve_meta_disable_title":"on","_ti_tpc_template_sync":false,"_ti_tpc_template_id":"","footnotes":""},"class_list":["post-9","page","type-page","status-publish","hentry"],"_links":{"self":[{"href":"https:\/\/semisauvages.net\/permaculture\/wp-json\/wp\/v2\/pages\/9","targetHints":{"allow":["GET"]}}],"collection":[{"href":"https:\/\/semisauvages.net\/permaculture\/wp-json\/wp\/v2\/pages"}],"about":[{"href":"https:\/\/semisauvages.net\/permaculture\/wp-json\/wp\/v2\/types\/page"}],"author":[{"embeddable":true,"href":"https:\/\/semisauvages.net\/permaculture\/wp-json\/wp\/v2\/users\/1"}],"replies":[{"embeddable":true,"href":"https:\/\/semisauvages.net\/permaculture\/wp-json\/wp\/v2\/comments?post=9"}],"version-history":[{"count":9,"href":"https:\/\/semisauvages.net\/permaculture\/wp-json\/wp\/v2\/pages\/9\/revisions"}],"predecessor-version":[{"id":307,"href":"https:\/\/semisauvages.net\/permaculture\/wp-json\/wp\/v2\/pages\/9\/revisions\/307"}],"wp:attachment":[{"href":"https:\/\/semisauvages.net\/permaculture\/wp-json\/wp\/v2\/media?parent=9"}],"curies":[{"name":"wp","href":"https:\/\/api.w.org\/{rel}","templated":true}]}}