{"id":8,"date":"2024-03-27T23:52:49","date_gmt":"2024-03-27T23:52:49","guid":{"rendered":"https:\/\/semisauvages.net\/permaculture\/?page_id=8"},"modified":"2024-04-29T13:38:15","modified_gmt":"2024-04-29T13:38:15","slug":"conseil-permaculture","status":"publish","type":"page","link":"https:\/\/semisauvages.net\/permaculture\/conseil-permaculture\/","title":{"rendered":"Conseil \u00e0 base de permaculture"},"content":{"rendered":"\n<div class=\"wp-block-cover alignfull is-light\" style=\"min-height:300px;aspect-ratio:unset;\"><span aria-hidden=\"true\" class=\"wp-block-cover__background has-nv-site-bg-background-color has-background-dim-100 has-background-dim\"><\/span><div class=\"wp-block-cover__inner-container is-layout-flow wp-block-cover-is-layout-flow\">\n<div class=\"wp-block-group\"><div class=\"wp-block-group__inner-container is-layout-flow wp-block-group-is-layout-flow\">\n<h1 class=\"wp-block-heading has-text-align-left has-neve-text-color-color has-text-color\">Services de conseil, \u2028accompagnement de projets permaculturels<\/h1>\n<\/div><\/div>\n<\/div><\/div>\n\n\n\n<div class=\"wp-block-cover alignfull is-light\" style=\"min-height:600px;aspect-ratio:unset;\"><span aria-hidden=\"true\" class=\"wp-block-cover__background has-nv-light-bg-background-color has-background-dim-100 has-background-dim\"><\/span><div class=\"wp-block-cover__inner-container is-layout-flow wp-block-cover-is-layout-flow\">\n<div class=\"wp-block-group\"><div class=\"wp-block-group__inner-container is-layout-flow wp-block-group-is-layout-flow\">\n<div style=\"height:80px\" aria-hidden=\"true\" class=\"wp-block-spacer\"><\/div>\n\n\n\n<div class=\"wp-block-columns are-vertically-aligned-center is-layout-flex wp-container-core-columns-is-layout-9d6595d7 wp-block-columns-is-layout-flex\">\n<div class=\"wp-block-column is-vertically-aligned-center is-layout-flow wp-block-column-is-layout-flow\" style=\"flex-basis:50%\">\n<figure class=\"wp-block-image size-full is-resized size-large\"><img fetchpriority=\"high\" decoding=\"async\" width=\"278\" height=\"246\" src=\"https:\/\/semisauvages.net\/permaculture\/wp-content\/uploads\/2024\/04\/conseil-permaculture-accompagnement.jpg\" alt=\"\" class=\"wp-image-145\" style=\"width:581px;height:auto\"\/><\/figure>\n<\/div>\n\n\n\n<div class=\"wp-block-column is-vertically-aligned-center is-layout-flow wp-block-column-is-layout-flow\" style=\"flex-basis:50%\">\n<h2 class=\"wp-block-heading has-neve-text-color-color has-text-color\">Nos possibles<\/h2>\n\n\n\n<p><strong>Diagnostics<\/strong><br>A partir de la d\u00e9finition d&rsquo;un p\u00e9rim\u00e8tre d&rsquo;intervention et de s\u00e9ances d&rsquo;observation, je r\u00e9alise un diagnostic qui vous permet de visualiser les ressources de votre site.<\/p>\n\n\n\n<p><strong>\u00c9tudes<\/strong><br>Vous souhaitez obtenir une synth\u00e8se sur un sujet pr\u00e9cis en lien avec la permaculture, ou au contraire un ensemble d&rsquo;informations d\u00e9taill\u00e9es et hi\u00e9rarchis\u00e9es : je r\u00e9alise l&rsquo;\u00e9tude pour vous.<\/p>\n\n\n\n<p><strong>Appui \u00e0 la r\u00e9flexion strat\u00e9gique<\/strong><br>Je mets \u00e0 votre disposition des m\u00e9thodes strat\u00e9giques facilitant votre projection dans le futur souhait\u00e9 et vous aide \u00e0 revenir au pr\u00e9sent pour traduire ces orientations en plan d&rsquo;action. Cette prestation de conseil strat\u00e9gique se compl\u00e8te par un accompagnement terrain pour faciliter la mise en oeuvre des actions prioritaires.<br><br><strong>\u00c9laboration de plans d&rsquo;actions<\/strong><br>J&rsquo;\u00e9labore et d\u00e9taille vos plans d&rsquo;actions avec des niveaux de priorit\u00e9 \u00e9tablis en fonction des objectifs d\u00e9finis pendant le cadrage de la mission.. Si n\u00e9cessaire, la mise en oeuvre des plans d&rsquo;action s&rsquo;accompagne d&rsquo;un volet mobilisation et formation sur-mesure des acteurs.<\/p>\n\n\n\n<p><strong>Animation de s\u00e9ances de cr\u00e9ativit\u00e9<\/strong><br>En utilisant mon savoir-faire en mati\u00e8re d&rsquo;animation, je vous conseille sur l&rsquo;utilisation de techniques de cr\u00e9ativit\u00e9 adapt\u00e9es \u00e0 un projet sp\u00e9cifique, et anime la s\u00e9ance pour vous.<\/p>\n<\/div>\n<\/div>\n\n\n\n<div style=\"height:40px\" aria-hidden=\"true\" class=\"wp-block-spacer\"><\/div>\n<\/div><\/div>\n<\/div><\/div>\n\n\n\n<div class=\"wp-block-cover alignfull is-light\" style=\"min-height:600px;aspect-ratio:unset;\"><span aria-hidden=\"true\" class=\"wp-block-cover__background has-nv-dark-bg-background-color has-background-dim-100 has-background-dim\"><\/span><div class=\"wp-block-cover__inner-container is-layout-flow wp-block-cover-is-layout-flow\">\n<div class=\"wp-block-group\"><div class=\"wp-block-group__inner-container is-layout-flow wp-block-group-is-layout-flow\">\n<div style=\"height:80px\" aria-hidden=\"true\" class=\"wp-block-spacer\"><\/div>\n\n\n\n<div class=\"wp-block-columns are-vertically-aligned-center is-layout-flex wp-container-core-columns-is-layout-9d6595d7 wp-block-columns-is-layout-flex\">\n<div class=\"wp-block-column is-vertically-aligned-center is-layout-flow wp-block-column-is-layout-flow\" style=\"flex-basis:50%\">\n<h2 class=\"wp-block-heading has-nv-text-dark-bg-color has-text-color\">Guid\u00e9s par des valeurs<\/h2>\n\n\n\n<p class=\"has-nv-text-dark-bg-color has-text-color\">Explorez notre<strong> <a href=\"https:\/\/semisauvages.net\/boutique\/entreprises\" target=\"_blank\" rel=\"noreferrer noopener\">catalogue des prestations de conseil<\/a><\/strong>.<br>Il vous proposera des formules ou vous donnera des id\u00e9es&#8230;<br>Nous concevons des prestations sur-mesure, et vous invitions \u00e0 nous d\u00e9crire votre besoin.<\/p>\n\n\n\n<div style=\"height:20px\" aria-hidden=\"true\" class=\"wp-block-spacer\"><\/div>\n\n\n\n<div class=\"wp-block-buttons is-layout-flex wp-block-buttons-is-layout-flex\">\n<div class=\"wp-block-button is-style-primary\"><a class=\"wp-block-button__link wp-element-button\" href=\"https:\/\/semisauvages.net\/permaculture\/contact\/\">CONTACTEZ NOUS<\/a><\/div>\n<\/div>\n\n\n\n<div style=\"height:20px\" aria-hidden=\"true\" class=\"wp-block-spacer\"><\/div>\n<\/div>\n\n\n\n<div class=\"wp-block-column is-vertically-aligned-center is-layout-flow wp-block-column-is-layout-flow\" style=\"flex-basis:50%\">\n<figure class=\"wp-block-image size-large\"><img decoding=\"async\" width=\"1024\" height=\"606\" src=\"https:\/\/semisauvages.net\/permaculture\/wp-content\/uploads\/2024\/03\/Themes-perma-1024x606.jpg\" alt=\"\" class=\"wp-image-92\" srcset=\"https:\/\/semisauvages.net\/permaculture\/wp-content\/uploads\/2024\/03\/Themes-perma-1024x606.jpg 1024w, https:\/\/semisauvages.net\/permaculture\/wp-content\/uploads\/2024\/03\/Themes-perma-300x178.jpg 300w, https:\/\/semisauvages.net\/permaculture\/wp-content\/uploads\/2024\/03\/Themes-perma-768x455.jpg 768w, https:\/\/semisauvages.net\/permaculture\/wp-content\/uploads\/2024\/03\/Themes-perma.jpg 1402w\" sizes=\"(max-width: 1024px) 100vw, 1024px\" \/><\/figure>\n<\/div>\n<\/div>\n\n\n\n<div style=\"height:40px\" aria-hidden=\"true\" class=\"wp-block-spacer\"><\/div>\n<\/div><\/div>\n<\/div><\/div>\n\n\n\n<div class=\"wp-block-cover alignfull is-light\" style=\"min-height:420px;aspect-ratio:unset;\"><span aria-hidden=\"true\" class=\"wp-block-cover__background has-nv-site-bg-background-color has-background-dim-100 has-background-dim\"><\/span><div class=\"wp-block-cover__inner-container is-layout-flow wp-block-cover-is-layout-flow\">\n<div style=\"height:80px\" aria-hidden=\"true\" class=\"wp-block-spacer\"><\/div>\n\n\n\n<div class=\"wp-block-columns is-layout-flex wp-container-core-columns-is-layout-9d6595d7 wp-block-columns-is-layout-flex\">\n<div class=\"wp-block-column ticss-4ce656f1 is-layout-flow wp-block-column-is-layout-flow\">\n<figure class=\"wp-block-image is-resized icon-style is-style-rounded\"><img decoding=\"async\" src=\"https:\/\/semisauvages.net\/permaculture\/wp-content\/themes\/neve\/assets\/img\/starter-content\/icon-03.svg\" alt=\"\"\/><\/figure>\n\n\n\n<div style=\"height:24px\" aria-hidden=\"true\" class=\"wp-block-spacer\"><\/div>\n\n\n\n<h3 class=\"wp-block-heading has-text-align-left has-text-align-center has-neve-text-color-color has-text-color\">Efficaces<\/h3>\n\n\n\n<p class=\"has-text-align-left has-neve-text-color-color has-text-color\" style=\"font-size:15px\">Notre petite structure flexible nous permet au travers des compl\u00e9mentarit\u00e9s de trouver rapidement une solution \u00e0 votre demande.<\/p>\n\n\n\n<div style=\"height:20px\" aria-hidden=\"true\" class=\"wp-block-spacer\"><\/div>\n<\/div>\n\n\n\n<div class=\"wp-block-column ticss-f6fc7494 is-layout-flow wp-block-column-is-layout-flow\">\n<figure class=\"wp-block-image is-resized icon-style is-style-rounded\"><img decoding=\"async\" src=\"https:\/\/semisauvages.net\/permaculture\/wp-content\/themes\/neve\/assets\/img\/starter-content\/icon-03.svg\" alt=\"\"\/><\/figure>\n\n\n\n<div style=\"height:24px\" aria-hidden=\"true\" class=\"wp-block-spacer\"><\/div>\n\n\n\n<h3 class=\"wp-block-heading has-text-align-left has-text-align-center has-neve-text-color-color has-text-color\">Engag\u00e9s<\/h3>\n\n\n\n<p class=\"has-text-align-left has-neve-text-color-color has-text-color\" style=\"font-size:15px\">Engag\u00e9s dans la transformation \u00e9cologique et sociale, la permaculture est notre outil mais aussi notre philosophie. Nous nous impliquons dans les missions qui nous sont confi\u00e9es.<\/p>\n\n\n\n<div style=\"height:20px\" aria-hidden=\"true\" class=\"wp-block-spacer\"><\/div>\n<\/div>\n\n\n\n<div class=\"wp-block-column ticss-a5b4df29 is-layout-flow wp-block-column-is-layout-flow\">\n<figure class=\"wp-block-image is-resized icon-style is-style-rounded\"><img decoding=\"async\" src=\"https:\/\/semisauvages.net\/permaculture\/wp-content\/themes\/neve\/assets\/img\/starter-content\/icon-03.svg\" alt=\"\"\/><\/figure>\n\n\n\n<div style=\"height:24px\" aria-hidden=\"true\" class=\"wp-block-spacer\"><\/div>\n\n\n\n<h3 class=\"wp-block-heading has-text-align-left has-text-align-center has-neve-text-color-color has-text-color\">Comp\u00e9tents<\/h3>\n\n\n\n<p class=\"has-text-align-left has-neve-text-color-color has-text-color\" style=\"font-size:15px\">Une exp\u00e9rience compl\u00e9mentaire et diversifi\u00e9e, th\u00e9orique et pratique vous assure de trouver le meilleur assemblage de comp\u00e9tences en permaculture pour r\u00e9aliser la mission de conseil que vous nous confiez.<\/p>\n\n\n\n<div style=\"height:20px\" aria-hidden=\"true\" class=\"wp-block-spacer\"><\/div>\n<\/div>\n<\/div>\n\n\n\n<div style=\"height:30px\" aria-hidden=\"true\" class=\"wp-block-spacer\"><\/div>\n<\/div><\/div>\n","protected":false},"excerpt":{"rendered":"","protected":false},"author":1,"featured_media":0,"parent":0,"menu_order":0,"comment_status":"closed","ping_status":"closed","template":"","meta":{"neve_meta_sidebar":"","neve_meta_container":"","neve_meta_enable_content_width":"on","neve_meta_content_width":100,"neve_meta_title_alignment":"","neve_meta_author_avatar":"","neve_post_elements_order":"","neve_meta_disable_header":"","neve_meta_disable_footer":"","neve_meta_disable_title":"on","_ti_tpc_template_sync":false,"_ti_tpc_template_id":"","footnotes":""},"class_list":["post-8","page","type-page","status-publish","hentry"],"_links":{"self":[{"href":"https:\/\/semisauvages.net\/permaculture\/wp-json\/wp\/v2\/pages\/8","targetHints":{"allow":["GET"]}}],"collection":[{"href":"https:\/\/semisauvages.net\/permaculture\/wp-json\/wp\/v2\/pages"}],"about":[{"href":"https:\/\/semisauvages.net\/permaculture\/wp-json\/wp\/v2\/types\/page"}],"author":[{"embeddable":true,"href":"https:\/\/semisauvages.net\/permaculture\/wp-json\/wp\/v2\/users\/1"}],"replies":[{"embeddable":true,"href":"https:\/\/semisauvages.net\/permaculture\/wp-json\/wp\/v2\/comments?post=8"}],"version-history":[{"count":5,"href":"https:\/\/semisauvages.net\/permaculture\/wp-json\/wp\/v2\/pages\/8\/revisions"}],"predecessor-version":[{"id":157,"href":"https:\/\/semisauvages.net\/permaculture\/wp-json\/wp\/v2\/pages\/8\/revisions\/157"}],"wp:attachment":[{"href":"https:\/\/semisauvages.net\/permaculture\/wp-json\/wp\/v2\/media?parent=8"}],"curies":[{"name":"wp","href":"https:\/\/api.w.org\/{rel}","templated":true}]}}