{"id":7,"date":"2024-03-27T23:52:49","date_gmt":"2024-03-27T23:52:49","guid":{"rendered":"https:\/\/semisauvages.net\/permaculture\/?page_id=7"},"modified":"2024-05-03T13:16:15","modified_gmt":"2024-05-03T13:16:15","slug":"accueil-semis-sauvages-permaculture","status":"publish","type":"page","link":"https:\/\/semisauvages.net\/permaculture\/","title":{"rendered":"Accueil"},"content":{"rendered":"\n<div class=\"wp-block-cover alignfull is-light\" style=\"min-height:700px;aspect-ratio:unset;\"><span aria-hidden=\"true\" class=\"wp-block-cover__background has-background-dim-0 has-background-dim\"><\/span><img fetchpriority=\"high\" decoding=\"async\" width=\"1920\" height=\"1080\" class=\"wp-block-cover__image-background wp-image-27\" alt=\"\" src=\"https:\/\/semisauvages.net\/permaculture\/wp-content\/uploads\/2024\/03\/abeilles-butineuses.jpg\" data-object-fit=\"cover\" srcset=\"https:\/\/semisauvages.net\/permaculture\/wp-content\/uploads\/2024\/03\/abeilles-butineuses.jpg 1920w, https:\/\/semisauvages.net\/permaculture\/wp-content\/uploads\/2024\/03\/abeilles-butineuses-300x169.jpg 300w, https:\/\/semisauvages.net\/permaculture\/wp-content\/uploads\/2024\/03\/abeilles-butineuses-1024x576.jpg 1024w, https:\/\/semisauvages.net\/permaculture\/wp-content\/uploads\/2024\/03\/abeilles-butineuses-768x432.jpg 768w, https:\/\/semisauvages.net\/permaculture\/wp-content\/uploads\/2024\/03\/abeilles-butineuses-1536x864.jpg 1536w\" sizes=\"(max-width: 1920px) 100vw, 1920px\" \/><div class=\"wp-block-cover__inner-container is-layout-flow wp-block-cover-is-layout-flow\">\n<h2 class=\"wp-block-heading has-text-align-center has-nv-dark-bg-color has-text-color\">Bureau d&rsquo;\u00e9tudes<br>Conseil et formation<br>Design en permaculture <\/h2>\n\n\n\n<div style=\"height:0px\" aria-hidden=\"true\" class=\"wp-block-spacer\"><\/div>\n\n\n\n<p><\/p>\n\n\n\n<div style=\"height:80px\" aria-hidden=\"true\" class=\"wp-block-spacer\"><\/div>\n\n\n\n<p class=\"has-text-align-right has-text-color\" style=\"color:#121212;font-size:17px\">Une adresse fiable <br>pour faire avancer <br>vos <strong>projets \u00e0 base de permaculture<\/strong><\/p>\n\n\n\n<div class=\"wp-block-buttons is-content-justification-center is-layout-flex wp-container-core-buttons-is-layout-16018d1d wp-block-buttons-is-layout-flex\">\n<div class=\"wp-block-button is-style-primary\"><a class=\"wp-block-button__link wp-element-button\" href=\"https:\/\/semisauvages.net\/permaculture\/contact\/\" target=\"_blank\" rel=\"noreferrer noopener\">En SAVOIR PLUS<\/a><\/div>\n\n\n\n<div class=\"wp-block-button is-style-secondary\"><a class=\"wp-block-button__link has-neve-link-color-color has-neve-text-color-background-color has-text-color has-background has-link-color wp-element-button\" href=\"https:\/\/semisauvages.net\/boutique\/\" target=\"_blank\" rel=\"noreferrer noopener\">NOS SERVICES<\/a><\/div>\n<\/div>\n<\/div><\/div>\n\n\n\n<div style=\"height:80px\" aria-hidden=\"true\" class=\"wp-block-spacer\"><\/div>\n\n\n\n<div class=\"wp-block-columns is-layout-flex wp-container-core-columns-is-layout-9d6595d7 wp-block-columns-is-layout-flex\">\n<div class=\"wp-block-column is-layout-flow wp-block-column-is-layout-flow\"><div class=\"wp-block-image is-resized icon-style is-style-default\">\n<figure class=\"aligncenter\"><img decoding=\"async\" src=\"https:\/\/semisauvages.net\/permaculture\/wp-content\/themes\/neve\/assets\/img\/starter-content\/icon-03.svg\" alt=\"\"\/><\/figure>\n<\/div>\n\n\n<div style=\"height:20px\" aria-hidden=\"true\" class=\"wp-block-spacer\"><\/div>\n\n\n\n<h3 class=\"wp-block-heading has-text-align-center has-neve-text-color-color has-text-color\">Projets \u00e0 valeur ajout\u00e9e<\/h3>\n\n\n\n<p class=\"has-text-align-center\">Int\u00e9grer les dimensions \u00e9conomiques en face de vos objectifs, en amont du projet, vous assure un taux de transformation r\u00e9g\u00e9n\u00e9ratif positif.<\/p>\n\n\n\n<div style=\"height:20px\" aria-hidden=\"true\" class=\"wp-block-spacer\"><\/div>\n<\/div>\n\n\n\n<div class=\"wp-block-column is-layout-flow wp-block-column-is-layout-flow\"><div class=\"wp-block-image is-resized icon-style is-style-default\">\n<figure class=\"aligncenter\"><img decoding=\"async\" src=\"https:\/\/semisauvages.net\/permaculture\/wp-content\/themes\/neve\/assets\/img\/starter-content\/icon-02.svg\" alt=\"\"\/><\/figure>\n<\/div>\n\n\n<div style=\"height:20px\" aria-hidden=\"true\" class=\"wp-block-spacer\"><\/div>\n\n\n\n<h3 class=\"wp-block-heading has-text-align-center has-neve-text-color-color has-text-color\">Holistique et syst\u00e9mique<\/h3>\n\n\n\n<p class=\"has-text-align-center\">Penser global, agir local &#8230; en utilisant le design permacole, nous ferons \u00e9merger de nouvelles fonctionnalit\u00e9s et lieux de bien-\u00eatre sur votre site.<\/p>\n\n\n\n<div style=\"height:20px\" aria-hidden=\"true\" class=\"wp-block-spacer\"><\/div>\n<\/div>\n\n\n\n<div class=\"wp-block-column is-layout-flow wp-block-column-is-layout-flow\"><div class=\"wp-block-image is-resized icon-style is-style-rounded\">\n<figure class=\"aligncenter\"><img decoding=\"async\" src=\"https:\/\/semisauvages.net\/permaculture\/wp-content\/themes\/neve\/assets\/img\/starter-content\/icon-01.svg\" alt=\"\"\/><\/figure>\n<\/div>\n\n\n<div style=\"height:20px\" aria-hidden=\"true\" class=\"wp-block-spacer\"><\/div>\n\n\n\n<h3 class=\"wp-block-heading has-text-align-center has-neve-text-color-color has-text-color\">R\u00e9activit\u00e9 et souplesse<\/h3>\n\n\n\n<p class=\"has-text-align-center\">Petite structure organis\u00e9e en r\u00e9seau, Nous mobilisons notre cr\u00e9ativit\u00e9 et nos savoirs pour faire aboutir votre projet, simplement et rapidement.<\/p>\n\n\n\n<div style=\"height:20px\" aria-hidden=\"true\" class=\"wp-block-spacer\"><\/div>\n<\/div>\n<\/div>\n\n\n\n<div style=\"height:80px\" aria-hidden=\"true\" class=\"wp-block-spacer\"><\/div>\n\n\n\n<div class=\"wp-block-cover alignfull is-light\" style=\"min-height:600px;aspect-ratio:unset;\"><span aria-hidden=\"true\" class=\"wp-block-cover__background has-nv-light-bg-background-color has-background-dim-100 has-background-dim\"><\/span><div class=\"wp-block-cover__inner-container is-layout-flow wp-block-cover-is-layout-flow\">\n<div class=\"wp-block-group\"><div class=\"wp-block-group__inner-container is-layout-flow wp-block-group-is-layout-flow\">\n<div style=\"height:80px\" aria-hidden=\"true\" class=\"wp-block-spacer\"><\/div>\n\n\n\n<div class=\"wp-block-columns are-vertically-aligned-center is-layout-flex wp-container-core-columns-is-layout-9d6595d7 wp-block-columns-is-layout-flex\">\n<div class=\"wp-block-column is-vertically-aligned-center is-layout-flow wp-block-column-is-layout-flow\" style=\"flex-basis:50%\">\n<figure class=\"wp-block-image size-large\"><img decoding=\"async\" width=\"1024\" height=\"576\" src=\"https:\/\/semisauvages.net\/permaculture\/wp-content\/uploads\/2024\/03\/forest-1024x576.jpg\" alt=\"\" class=\"wp-image-57\" srcset=\"https:\/\/semisauvages.net\/permaculture\/wp-content\/uploads\/2024\/03\/forest-1024x576.jpg 1024w, https:\/\/semisauvages.net\/permaculture\/wp-content\/uploads\/2024\/03\/forest-300x169.jpg 300w, https:\/\/semisauvages.net\/permaculture\/wp-content\/uploads\/2024\/03\/forest-768x432.jpg 768w, https:\/\/semisauvages.net\/permaculture\/wp-content\/uploads\/2024\/03\/forest.jpg 1500w\" sizes=\"(max-width: 1024px) 100vw, 1024px\" \/><\/figure>\n<\/div>\n\n\n\n<div class=\"wp-block-column is-vertically-aligned-center is-layout-flow wp-block-column-is-layout-flow\" style=\"flex-basis:50%\">\n<div style=\"height:20px\" aria-hidden=\"true\" class=\"wp-block-spacer\"><\/div>\n\n\n\n<h2 class=\"wp-block-heading has-text-align-left has-neve-text-color-color has-text-color\">Design en Permaculture<\/h2>\n\n\n\n<p class=\"has-text-align-left has-neve-text-color-color has-text-color\" style=\"font-size:17px\">Une m\u00e9thodologie affut\u00e9e avec une palette d&rsquo;outils de design, nous nous appliquons \u00e0 concevoir des syst\u00e8mes r\u00e9silients, dimensionn\u00e9s sur les besoins des occupants du site.<\/p>\n\n\n\n<div class=\"wp-block-buttons is-content-justification-left is-layout-flex wp-container-core-buttons-is-layout-fdcfc74e wp-block-buttons-is-layout-flex\">\n<div class=\"wp-block-button is-style-primary\"><a class=\"wp-block-button__link wp-element-button\" href=\"https:\/\/semisauvages.net\/permaculture\/contact\/\" target=\"_blank\" rel=\"noreferrer noopener\">PLUS D&rsquo;INFOS<\/a><\/div>\n\n\n\n<div class=\"wp-block-button is-style-secondary\"><a class=\"wp-block-button__link has-neve-link-color-color has-nv-dark-bg-background-color has-text-color has-background has-link-color wp-element-button\" href=\"https:\/\/semisauvages.net\/boutique\/conception-de-lieu\" target=\"_blank\" rel=\"noreferrer noopener\">NOS SERVICES<\/a><\/div>\n<\/div>\n<\/div>\n<\/div>\n\n\n\n<div style=\"height:40px\" aria-hidden=\"true\" class=\"wp-block-spacer\"><\/div>\n<\/div><\/div>\n<\/div><\/div>\n\n\n\n<div class=\"wp-block-cover alignfull is-light\" style=\"min-height:600px;aspect-ratio:unset;\"><span aria-hidden=\"true\" class=\"wp-block-cover__background has-nv-site-bg-background-color has-background-dim-100 has-background-dim\"><\/span><div class=\"wp-block-cover__inner-container is-layout-flow wp-block-cover-is-layout-flow\">\n<div class=\"wp-block-group\"><div class=\"wp-block-group__inner-container is-layout-flow wp-block-group-is-layout-flow\">\n<div style=\"height:80px\" aria-hidden=\"true\" class=\"wp-block-spacer\"><\/div>\n\n\n\n<div class=\"wp-block-columns are-vertically-aligned-center is-layout-flex wp-container-core-columns-is-layout-9d6595d7 wp-block-columns-is-layout-flex\">\n<div class=\"wp-block-column is-vertically-aligned-center is-layout-flow wp-block-column-is-layout-flow\" style=\"flex-basis:50%\">\n<h2 class=\"wp-block-heading has-text-align-left has-neve-text-color-color has-text-color\">Conseil<\/h2>\n\n\n\n<p class=\"has-text-align-left has-neve-text-color-color has-text-color\" style=\"font-size:17px\">Faire bouger les repr\u00e9sentations puis les paradigmes, en connectant une vue syst\u00e9mique, et en associant les savoirs de la Permaculture est de nature \u00e0 m\u00e9tamorphoser votre fonctionnement.<\/p>\n\n\n\n<div class=\"wp-block-buttons is-content-justification-left is-layout-flex wp-container-core-buttons-is-layout-fdcfc74e wp-block-buttons-is-layout-flex\">\n<div class=\"wp-block-button is-style-primary\"><a class=\"wp-block-button__link wp-element-button\" href=\"https:\/\/semisauvages.net\/permaculture\/contact\/\" target=\"_blank\" rel=\"noreferrer noopener\">PLUS D&rsquo;INFOS<\/a><\/div>\n\n\n\n<div class=\"wp-block-button is-style-secondary\"><a class=\"wp-block-button__link has-neve-link-color-color has-nv-dark-bg-background-color has-text-color has-background has-link-color wp-element-button\" href=\"https:\/\/semisauvages.net\/boutique\/diagnostics\" target=\"_blank\" rel=\"noreferrer noopener\">NOS SERVICES<\/a><\/div>\n<\/div>\n\n\n\n<div style=\"height:40px\" aria-hidden=\"true\" class=\"wp-block-spacer\"><\/div>\n<\/div>\n\n\n\n<div class=\"wp-block-column is-vertically-aligned-center is-layout-flow wp-block-column-is-layout-flow\" style=\"flex-basis:50%\">\n<figure class=\"wp-block-image size-full\"><img decoding=\"async\" width=\"720\" height=\"416\" src=\"https:\/\/semisauvages.net\/permaculture\/wp-content\/uploads\/2024\/03\/ego-eco.jpg\" alt=\"\" class=\"wp-image-65\" srcset=\"https:\/\/semisauvages.net\/permaculture\/wp-content\/uploads\/2024\/03\/ego-eco.jpg 720w, https:\/\/semisauvages.net\/permaculture\/wp-content\/uploads\/2024\/03\/ego-eco-300x173.jpg 300w\" sizes=\"(max-width: 720px) 100vw, 720px\" \/><\/figure>\n<\/div>\n<\/div>\n\n\n\n<div style=\"height:40px\" aria-hidden=\"true\" class=\"wp-block-spacer\"><\/div>\n<\/div><\/div>\n<\/div><\/div>\n\n\n\n<div class=\"wp-block-cover alignfull is-light\" style=\"min-height:600px;aspect-ratio:unset;\"><span aria-hidden=\"true\" class=\"wp-block-cover__background has-nv-dark-bg-background-color has-background-dim-100 has-background-dim\"><\/span><div class=\"wp-block-cover__inner-container is-layout-flow wp-block-cover-is-layout-flow\">\n<div class=\"wp-block-group\"><div class=\"wp-block-group__inner-container is-layout-flow wp-block-group-is-layout-flow\">\n<div style=\"height:80px\" aria-hidden=\"true\" class=\"wp-block-spacer\"><\/div>\n\n\n\n<div class=\"wp-block-columns are-vertically-aligned-center is-layout-flex wp-container-core-columns-is-layout-9d6595d7 wp-block-columns-is-layout-flex\">\n<div class=\"wp-block-column is-vertically-aligned-center is-layout-flow wp-block-column-is-layout-flow\" style=\"flex-basis:50%\">\n<figure class=\"wp-block-image size-full\"><img loading=\"lazy\" decoding=\"async\" width=\"800\" height=\"400\" src=\"https:\/\/semisauvages.net\/permaculture\/wp-content\/uploads\/2024\/03\/bill-mollison-david-holmgren.png\" alt=\"Bill Mollison et David Holmgren\" class=\"wp-image-62\" srcset=\"https:\/\/semisauvages.net\/permaculture\/wp-content\/uploads\/2024\/03\/bill-mollison-david-holmgren.png 800w, https:\/\/semisauvages.net\/permaculture\/wp-content\/uploads\/2024\/03\/bill-mollison-david-holmgren-300x150.png 300w, https:\/\/semisauvages.net\/permaculture\/wp-content\/uploads\/2024\/03\/bill-mollison-david-holmgren-768x384.png 768w\" sizes=\"(max-width: 800px) 100vw, 800px\" \/><\/figure>\n<\/div>\n\n\n\n<div class=\"wp-block-column is-vertically-aligned-center is-layout-flow wp-block-column-is-layout-flow\" style=\"flex-basis:50%\">\n<div style=\"height:40px\" aria-hidden=\"true\" class=\"wp-block-spacer\"><\/div>\n\n\n\n<h2 class=\"wp-block-heading has-text-align-left has-nv-text-dark-bg-color has-text-color\">Formation professionnelle<\/h2>\n\n\n\n<p class=\"has-text-align-left has-nv-text-dark-bg-color has-text-color\" style=\"font-size:17px\">Transmettre fid\u00e8lement les enseignements des fondateurs de la Permaculture, Bill Mollison et David Holmgren&#8230; C&rsquo;est notre vocation p\u00e9dagogique, soutenue par une exp\u00e9rience cons\u00e9quente avec les entreprises, les particuliers, les associations et les institutions.<\/p>\n\n\n\n<div class=\"wp-block-buttons is-content-justification-left is-layout-flex wp-container-core-buttons-is-layout-fdcfc74e wp-block-buttons-is-layout-flex\">\n<div class=\"wp-block-button is-style-primary\"><a class=\"wp-block-button__link wp-element-button\" href=\"https:\/\/semisauvages.net\/permaculture\/contact\/\" target=\"_blank\" rel=\"noreferrer noopener\">PLUS D&rsquo;INFOS<\/a><\/div>\n\n\n\n<div class=\"wp-block-button is-style-primary\"><a class=\"wp-block-button__link has-neve-link-color-color has-neve-link-hover-color-background-color has-text-color has-background has-link-color wp-element-button\" href=\"https:\/\/semisauvages.net\/boutique\/formations-courtes\" target=\"_blank\" rel=\"noreferrer noopener\">NOS SERVICES<\/a><\/div>\n<\/div>\n<\/div>\n<\/div>\n\n\n\n<div style=\"height:40px\" aria-hidden=\"true\" class=\"wp-block-spacer\"><\/div>\n<\/div><\/div>\n<\/div><\/div>\n\n\n\n<div style=\"height:40px\" aria-hidden=\"true\" class=\"wp-block-spacer\"><\/div>\n\n\n\n<div class=\"wp-block-cover alignfull is-light\" style=\"min-height:600px;aspect-ratio:unset;\"><span aria-hidden=\"true\" class=\"wp-block-cover__background has-nv-site-bg-background-color has-background-dim-100 has-background-dim\"><\/span><div class=\"wp-block-cover__inner-container is-layout-flow wp-block-cover-is-layout-flow\">\n<div class=\"wp-block-group\"><div class=\"wp-block-group__inner-container is-layout-flow wp-block-group-is-layout-flow\">\n<div style=\"height:80px\" aria-hidden=\"true\" class=\"wp-block-spacer\"><\/div>\n\n\n\n<h2 class=\"wp-block-heading has-neve-text-color-color has-text-color\">Exemples<\/h2>\n\n\n\n<div style=\"height:20px\" aria-hidden=\"true\" class=\"wp-block-spacer\"><\/div>\n\n\n\n<div class=\"wp-block-columns are-vertically-aligned-center is-layout-flex wp-container-core-columns-is-layout-9d6595d7 wp-block-columns-is-layout-flex\">\n<div class=\"wp-block-column is-vertically-aligned-center is-layout-flow wp-block-column-is-layout-flow\" style=\"flex-basis:50%\">\n<figure class=\"wp-block-image size-full\"><img loading=\"lazy\" decoding=\"async\" width=\"500\" height=\"375\" src=\"https:\/\/semisauvages.net\/permaculture\/wp-content\/uploads\/2024\/03\/abeilles-sur-rayons.png\" alt=\"\" class=\"wp-image-60\" srcset=\"https:\/\/semisauvages.net\/permaculture\/wp-content\/uploads\/2024\/03\/abeilles-sur-rayons.png 500w, https:\/\/semisauvages.net\/permaculture\/wp-content\/uploads\/2024\/03\/abeilles-sur-rayons-300x225.png 300w\" sizes=\"(max-width: 500px) 100vw, 500px\" \/><\/figure>\n\n\n\n<div style=\"height:40px\" aria-hidden=\"true\" class=\"wp-block-spacer\"><\/div>\n<\/div>\n\n\n\n<div class=\"wp-block-column is-vertically-aligned-center is-layout-flow wp-block-column-is-layout-flow\" style=\"flex-basis:50%\">\n<figure class=\"wp-block-image size-full\"><img loading=\"lazy\" decoding=\"async\" width=\"734\" height=\"549\" src=\"https:\/\/semisauvages.net\/permaculture\/wp-content\/uploads\/2024\/03\/Courbe-Meadows.png\" alt=\"\" class=\"wp-image-64\" srcset=\"https:\/\/semisauvages.net\/permaculture\/wp-content\/uploads\/2024\/03\/Courbe-Meadows.png 734w, https:\/\/semisauvages.net\/permaculture\/wp-content\/uploads\/2024\/03\/Courbe-Meadows-300x224.png 300w\" sizes=\"(max-width: 734px) 100vw, 734px\" \/><\/figure>\n\n\n\n<div style=\"height:40px\" aria-hidden=\"true\" class=\"wp-block-spacer\"><\/div>\n<\/div>\n<\/div>\n\n\n\n<div style=\"height:40px\" aria-hidden=\"true\" class=\"wp-block-spacer\"><\/div>\n<\/div><\/div>\n<\/div><\/div>\n\n\n\n<div class=\"wp-block-cover alignfull is-light\" style=\"min-height:420px;aspect-ratio:unset;\"><span aria-hidden=\"true\" class=\"wp-block-cover__background has-nv-light-bg-background-color has-background-dim-100 has-background-dim\"><\/span><div class=\"wp-block-cover__inner-container is-layout-flow wp-block-cover-is-layout-flow\">\n<div style=\"height:80px\" aria-hidden=\"true\" class=\"wp-block-spacer\"><\/div>\n\n\n\n<div class=\"wp-block-columns is-layout-flex wp-container-core-columns-is-layout-9d6595d7 wp-block-columns-is-layout-flex\">\n<div class=\"wp-block-column is-layout-flow wp-block-column-is-layout-flow\">\n<figure class=\"wp-block-image size-full is-resized is-style-rounded\"><img loading=\"lazy\" decoding=\"async\" width=\"368\" height=\"368\" src=\"https:\/\/semisauvages.net\/permaculture\/wp-content\/uploads\/2024\/03\/Photo-le-24-01-2024-a-16.36-e1711806654146.jpg\" alt=\"\" class=\"wp-image-79\" style=\"width:222px;height:auto\" srcset=\"https:\/\/semisauvages.net\/permaculture\/wp-content\/uploads\/2024\/03\/Photo-le-24-01-2024-a-16.36-e1711806654146.jpg 368w, https:\/\/semisauvages.net\/permaculture\/wp-content\/uploads\/2024\/03\/Photo-le-24-01-2024-a-16.36-e1711806654146-300x300.jpg 300w, https:\/\/semisauvages.net\/permaculture\/wp-content\/uploads\/2024\/03\/Photo-le-24-01-2024-a-16.36-e1711806654146-150x150.jpg 150w\" sizes=\"(max-width: 368px) 100vw, 368px\" \/><\/figure>\n\n\n\n<div style=\"height:24px\" aria-hidden=\"true\" class=\"wp-block-spacer\"><\/div>\n\n\n\n<p class=\"has-text-align-left has-neve-text-color-color has-text-color has-normal-font-size\">\u00ab\u00a0La permaculture est un syst\u00e8me de pens\u00e9e holistique et int\u00e9gratif, g\u00e9n\u00e9rateur d&rsquo;abondance. Il nous invite \u00e0 vivre de fa\u00e7on plus soutenable et \u00e9quitable.\u00a0\u00bb<\/p>\n\n\n\n<p class=\"has-neve-text-color-color has-text-color\">MARC ZISCHKA<\/p>\n\n\n\n<div style=\"height:20px\" aria-hidden=\"true\" class=\"wp-block-spacer\"><\/div>\n<\/div>\n\n\n\n<div class=\"wp-block-column is-layout-flow wp-block-column-is-layout-flow\">\n<figure class=\"wp-block-image size-full is-resized is-style-rounded\"><img loading=\"lazy\" decoding=\"async\" width=\"181\" height=\"181\" src=\"https:\/\/semisauvages.net\/permaculture\/wp-content\/uploads\/2024\/03\/simon-portrait-e1711806756845.png\" alt=\"\" class=\"wp-image-67\" style=\"width:215px;height:auto\" srcset=\"https:\/\/semisauvages.net\/permaculture\/wp-content\/uploads\/2024\/03\/simon-portrait-e1711806756845.png 181w, https:\/\/semisauvages.net\/permaculture\/wp-content\/uploads\/2024\/03\/simon-portrait-e1711806756845-150x150.png 150w\" sizes=\"(max-width: 181px) 100vw, 181px\" \/><\/figure>\n\n\n\n<div style=\"height:24px\" aria-hidden=\"true\" class=\"wp-block-spacer\"><\/div>\n\n\n\n<p class=\"has-text-align-left has-neve-text-color-color has-text-color has-normal-font-size\">\u201cDevenir gardiens de toute vie implique un changement de perspective. En choisissant de faire ce changement nous cr\u00e9erons le monde que nous r\u00eavons de voir. \u201d<\/p>\n\n\n\n<p class=\"has-neve-text-color-color has-text-color\">SIMON LADOUCE<\/p>\n\n\n\n<div style=\"height:20px\" aria-hidden=\"true\" class=\"wp-block-spacer\"><\/div>\n<\/div>\n\n\n\n<div class=\"wp-block-column is-layout-flow wp-block-column-is-layout-flow\">\n<figure class=\"wp-block-image is-resized is-style-rounded\"><img decoding=\"async\" src=\"https:\/\/semisauvages.net\/permaculture\/wp-content\/themes\/neve\/assets\/img\/starter-content\/team-02.jpg\" alt=\"\" style=\"width:219px;height:auto\"\/><\/figure>\n\n\n\n<div style=\"height:24px\" aria-hidden=\"true\" class=\"wp-block-spacer\"><\/div>\n\n\n\n<p class=\"has-text-align-left has-neve-text-color-color has-text-color has-normal-font-size\">\u201cWhat is the point of being alive if you don\u2019t at least try to do something remarkable? We have much more potentials than we ordinary think\u201d<\/p>\n\n\n\n<p class=\"has-neve-text-color-color has-text-color\">SEAN FISHER<\/p>\n\n\n\n<div style=\"height:20px\" aria-hidden=\"true\" class=\"wp-block-spacer\"><\/div>\n<\/div>\n<\/div>\n\n\n\n<div style=\"height:30px\" aria-hidden=\"true\" class=\"wp-block-spacer\"><\/div>\n<\/div><\/div>\n\n\n\n<div class=\"wp-block-cover alignfull is-light\" style=\"min-height:552px;aspect-ratio:unset;\"><span aria-hidden=\"true\" class=\"wp-block-cover__background has-nv-dark-bg-background-color has-background-dim-100 has-background-dim\"><\/span><div class=\"wp-block-cover__inner-container is-layout-flow wp-block-cover-is-layout-flow\">\n<h2 class=\"wp-block-heading has-text-align-center has-neve-link-color-color has-text-color\">Explorons votre prochain projet,<br>pour lui donner une nouvelle direction<\/h2>\n\n\n\n<p class=\"has-text-align-center has-nv-light-bg-color has-text-color has-link-color has-medium-font-size wp-elements-6f6c0932c1c2dd56bad0801b6c8df5a8\">Int\u00e9grer les enjeux fondamentaux de notre si\u00e8cle, avec une approche ouverte et pragmatique, vous permet de faire \u00e9voluer votre (\u00e9co)syst\u00e8me en le rendant plus productif et r\u00e9siliant, tout en ouvrant la possibilit\u00e9 d&rsquo;avoir un impact positif sur les (\u00e9co)syst\u00e8mes environnants.<br><br><em>\u00ab\u00a0Le monde contient bien assez pour les besoins de chacun mais pas assez pour la cupidit\u00e9 de tous\u00a0\u00bb<\/em><br><strong>Gandhi<\/strong><\/p>\n\n\n\n<blockquote class=\"wp-block-quote is-layout-flow wp-block-quote-is-layout-flow\">\n<p><\/p>\n<\/blockquote>\n\n\n\n<div class=\"wp-block-buttons is-content-justification-center is-layout-flex wp-container-core-buttons-is-layout-16018d1d wp-block-buttons-is-layout-flex\">\n<div class=\"wp-block-button is-style-primary\"><a class=\"wp-block-button__link wp-element-button\" href=\"https:\/\/semisauvages.net\/permaculture\/contact\/\" target=\"_blank\" rel=\"noreferrer noopener\">PLUS D&rsquo;INFOS<\/a><\/div>\n<\/div>\n<\/div><\/div>\n","protected":false},"excerpt":{"rendered":"<p>Projets \u00e0 valeur ajout\u00e9e Int\u00e9grer les dimensions \u00e9conomiques en face de vos objectifs, en amont du projet, vous assure un taux de transformation r\u00e9g\u00e9n\u00e9ratif positif. Holistique et syst\u00e9mique Penser global, agir local &#8230; en utilisant le design permacole, nous ferons \u00e9merger de nouvelles fonctionnalit\u00e9s et lieux de bien-\u00eatre sur votre site. R\u00e9activit\u00e9 et souplesse Petite&hellip;&nbsp;<a href=\"https:\/\/semisauvages.net\/permaculture\/\" class=\"\" rel=\"bookmark\">Lire la suite &raquo;<span class=\"screen-reader-text\">Accueil<\/span><\/a><\/p>\n","protected":false},"author":1,"featured_media":27,"parent":0,"menu_order":0,"comment_status":"closed","ping_status":"closed","template":"","meta":{"neve_meta_sidebar":"","neve_meta_container":"","neve_meta_enable_content_width":"on","neve_meta_content_width":100,"neve_meta_title_alignment":"","neve_meta_author_avatar":"","neve_post_elements_order":"","neve_meta_disable_header":"","neve_meta_disable_footer":"","neve_meta_disable_title":"on","_ti_tpc_template_sync":false,"_ti_tpc_template_id":"","footnotes":""},"class_list":["post-7","page","type-page","status-publish","has-post-thumbnail","hentry"],"_links":{"self":[{"href":"https:\/\/semisauvages.net\/permaculture\/wp-json\/wp\/v2\/pages\/7","targetHints":{"allow":["GET"]}}],"collection":[{"href":"https:\/\/semisauvages.net\/permaculture\/wp-json\/wp\/v2\/pages"}],"about":[{"href":"https:\/\/semisauvages.net\/permaculture\/wp-json\/wp\/v2\/types\/page"}],"author":[{"embeddable":true,"href":"https:\/\/semisauvages.net\/permaculture\/wp-json\/wp\/v2\/users\/1"}],"replies":[{"embeddable":true,"href":"https:\/\/semisauvages.net\/permaculture\/wp-json\/wp\/v2\/comments?post=7"}],"version-history":[{"count":35,"href":"https:\/\/semisauvages.net\/permaculture\/wp-json\/wp\/v2\/pages\/7\/revisions"}],"predecessor-version":[{"id":310,"href":"https:\/\/semisauvages.net\/permaculture\/wp-json\/wp\/v2\/pages\/7\/revisions\/310"}],"wp:featuredmedia":[{"embeddable":true,"href":"https:\/\/semisauvages.net\/permaculture\/wp-json\/wp\/v2\/media\/27"}],"wp:attachment":[{"href":"https:\/\/semisauvages.net\/permaculture\/wp-json\/wp\/v2\/media?parent=7"}],"curies":[{"name":"wp","href":"https:\/\/api.w.org\/{rel}","templated":true}]}}