{"id":224,"date":"2024-04-30T13:23:07","date_gmt":"2024-04-30T13:23:07","guid":{"rendered":"https:\/\/semisauvages.net\/permaculture\/?page_id=224"},"modified":"2024-04-30T15:34:36","modified_gmt":"2024-04-30T15:34:36","slug":"a-propos","status":"publish","type":"page","link":"https:\/\/semisauvages.net\/permaculture\/a-propos\/","title":{"rendered":"A propos"},"content":{"rendered":"\n<div class=\"wp-block-group\"><div class=\"wp-block-group__inner-container is-layout-constrained wp-block-group-is-layout-constrained\">\n<p><strong>Notre raison d\u2019\u00eatre<\/strong><\/p>\n\n\n\n<p>Notre mission est d\u2019aider nos clients \u00e0 cr\u00e9er leur lieu de vie et\/ou de production, en un syst\u00e8me pens\u00e9 de mani\u00e8re syst\u00e9mique, holistique, fonctionnelle et frugale pour r\u00e9pondre \u00e0 leurs be- soins fondamentaux, et \u00e0 ceux de l\u2019\u00e9cosyst\u00e8me qui les accueille.<\/p>\n\n\n\n<p><strong>Notre approche<\/strong><\/p>\n\n\n\n<p>Pour accomplir notre mission, nous proposons une transmission par :<br>&#8211; un accompagnement,<br>&#8211; de la formation,<\/p>\n\n\n\n<p>&#8211; du conseil<\/p>\n\n\n\n<p>Notre offre permet de cr\u00e9er des syst\u00e8mes r\u00e9silients en s\u2019appuyant sur des outils pour la mise en application, tel que le design en permaculture.<\/p>\n\n\n\n<p><strong>Notre valeur ajout\u00e9e<\/strong><\/p>\n\n\n\n<p>Nous intervenons en bin\u00f4me afin d\u2019apporter \u00e0 nos clients une pluralit\u00e9 de comp\u00e9tences compl\u00e9mentaires. Notre expertise s\u2019appuie \u00e0 la fois sur l\u2019exp\u00e9rience issue de nos par- cours respectifs et sur un faisceau de connaissances et de savoirs d\u00e9velopp\u00e9s depuis plus de 50 ans .<\/p>\n\n\n\n<p>Nous d\u00e9ployons des conceptions bio-climatiques, r\u00e9pondant \u00e0 la fois aux besoins \u00e9nerg\u00e9tiques et alimentaires du syst\u00e8me.<\/p>\n\n\n\n<p>Chaque conception inclut la gestion hydrologique des lieux de vie et\/ou de production. La restauration ou l\u2019aggradation du sol est un autre pilier pour restaurer les \u00e9cosyst\u00e8mes .<\/p>\n\n\n\n<p>Nous collaborons avec un r\u00e9seau d\u2019intervenants et de lieux d\u2019exp\u00e9rimentations qui participent \u00e0 nos formations, \u00e9tudes et accompagnements.<\/p>\n\n\n\n<p><strong>Notre vision<\/strong><\/p>\n\n\n\n<p>Nous partageons la directive premi\u00e8re de la permaculture de Bill Mollison (co-fondateur de la permaculture) invitant chacun \u00e0 prendre ses responsabilit\u00e9s face \u00e0 la mutation sociale et \u00e9cologique, conduisant potentiellement \u00e0 un effondrement syst\u00e9mique de nos soci\u00e9t\u00e9s (cf. rapports Meadows, NASA et ONU&#8230;).<\/p>\n\n\n\n<p>\u00c0 la crise syst\u00e9mique (\u00e9cologique, culturelle, \u00e9conomique et morale) que nous traversons, la permaculture apporte une r\u00e9ponse holistique, proposant un autre mod\u00e8le de civilisation.<\/p>\n\n\n\n<p>La permaculture est <em>\u00ab la conception consciente de paysages qui imitent les motifs et les relations observ\u00e9s dans la nature, tout en fournissant une abondance de nourriture, de fibres et d\u2019\u00e9nergie pour r\u00e9pondre aux besoins locaux \u00bb. <\/em>David Holmgren; co-fondateur de la permaculture<\/p>\n\n\n\n<div class=\"wp-block-buttons is-content-justification-center is-layout-flex wp-container-core-buttons-is-layout-8057eaf3 wp-block-buttons-is-layout-flex\">\n<div class=\"wp-block-button\"><a class=\"wp-block-button__link has-text-align-center wp-element-button\" href=\"https:\/\/semisauvages.net\/owncloud\/index.php\/s\/zbpQFnIUfcQOuED\">TELECHARGER LA PLAQUETTE<\/a><\/div>\n<\/div>\n<\/div><\/div>\n\n\n\n<div style=\"height:42px\" aria-hidden=\"true\" class=\"wp-block-spacer\"><\/div>\n","protected":false},"excerpt":{"rendered":"<p>Notre raison d\u2019\u00eatre Notre mission est d\u2019aider nos clients \u00e0 cr\u00e9er leur lieu de vie et\/ou de production, en un syst\u00e8me pens\u00e9 de mani\u00e8re syst\u00e9mique, holistique, fonctionnelle et frugale pour r\u00e9pondre \u00e0 leurs be- soins fondamentaux, et \u00e0 ceux de l\u2019\u00e9cosyst\u00e8me qui les accueille. Notre approche Pour accomplir notre mission, nous proposons une transmission par&hellip;&nbsp;<a href=\"https:\/\/semisauvages.net\/permaculture\/a-propos\/\" class=\"\" rel=\"bookmark\">Lire la suite &raquo;<span class=\"screen-reader-text\">A propos<\/span><\/a><\/p>\n","protected":false},"author":1,"featured_media":0,"parent":0,"menu_order":0,"comment_status":"closed","ping_status":"closed","template":"","meta":{"neve_meta_sidebar":"","neve_meta_container":"","neve_meta_enable_content_width":"","neve_meta_content_width":0,"neve_meta_title_alignment":"","neve_meta_author_avatar":"","neve_post_elements_order":"","neve_meta_disable_header":"","neve_meta_disable_footer":"","neve_meta_disable_title":"","_ti_tpc_template_sync":false,"_ti_tpc_template_id":"","footnotes":""},"class_list":["post-224","page","type-page","status-publish","hentry"],"_links":{"self":[{"href":"https:\/\/semisauvages.net\/permaculture\/wp-json\/wp\/v2\/pages\/224","targetHints":{"allow":["GET"]}}],"collection":[{"href":"https:\/\/semisauvages.net\/permaculture\/wp-json\/wp\/v2\/pages"}],"about":[{"href":"https:\/\/semisauvages.net\/permaculture\/wp-json\/wp\/v2\/types\/page"}],"author":[{"embeddable":true,"href":"https:\/\/semisauvages.net\/permaculture\/wp-json\/wp\/v2\/users\/1"}],"replies":[{"embeddable":true,"href":"https:\/\/semisauvages.net\/permaculture\/wp-json\/wp\/v2\/comments?post=224"}],"version-history":[{"count":5,"href":"https:\/\/semisauvages.net\/permaculture\/wp-json\/wp\/v2\/pages\/224\/revisions"}],"predecessor-version":[{"id":292,"href":"https:\/\/semisauvages.net\/permaculture\/wp-json\/wp\/v2\/pages\/224\/revisions\/292"}],"wp:attachment":[{"href":"https:\/\/semisauvages.net\/permaculture\/wp-json\/wp\/v2\/media?parent=224"}],"curies":[{"name":"wp","href":"https:\/\/api.w.org\/{rel}","templated":true}]}}