{"id":110,"date":"2024-04-02T12:35:00","date_gmt":"2024-04-02T12:35:00","guid":{"rendered":"https:\/\/semisauvages.net\/permaculture\/?page_id=110"},"modified":"2024-04-30T14:06:15","modified_gmt":"2024-04-30T14:06:15","slug":"ressources","status":"publish","type":"page","link":"https:\/\/semisauvages.net\/permaculture\/ressources\/","title":{"rendered":"Ressources en permaculture"},"content":{"rendered":"\n<div class=\"wp-block-cover alignfull is-light\" style=\"padding-top:0;padding-bottom:0;min-height:300px;aspect-ratio:unset;\"><span aria-hidden=\"true\" class=\"wp-block-cover__background has-background-dim-20 has-background-dim\" style=\"background-color:#d0dedf\"><\/span><img fetchpriority=\"high\" decoding=\"async\" width=\"320\" height=\"289\" class=\"wp-block-cover__image-background wp-image-169\" alt=\"\" src=\"https:\/\/semisauvages.net\/permaculture\/wp-content\/uploads\/2024\/04\/terre-fun.jpg\" style=\"object-position:47% 15%\" data-object-fit=\"cover\" data-object-position=\"47% 15%\" srcset=\"https:\/\/semisauvages.net\/permaculture\/wp-content\/uploads\/2024\/04\/terre-fun.jpg 320w, https:\/\/semisauvages.net\/permaculture\/wp-content\/uploads\/2024\/04\/terre-fun-300x271.jpg 300w\" sizes=\"(max-width: 320px) 100vw, 320px\" \/><div class=\"wp-block-cover__inner-container is-layout-flow wp-block-cover-is-layout-flow\">\n<div style=\"height:80px\" aria-hidden=\"true\" class=\"wp-block-spacer\"><\/div>\n<\/div><\/div>\n\n\n\n<p class=\"has-text-align-center has-neve-text-color-color has-text-color\"> <br><\/p>\n\n\n\n<div class=\"wp-block-columns is-layout-flex wp-container-core-columns-is-layout-9d6595d7 wp-block-columns-is-layout-flex\">\n<div class=\"wp-block-column is-layout-flow wp-block-column-is-layout-flow\">\n<div class=\"wp-block-cover is-light\" style=\"min-height:300px;aspect-ratio:unset;\"><span aria-hidden=\"true\" class=\"wp-block-cover__background has-nv-light-bg-background-color has-background-dim-100 has-background-dim\"><\/span><div class=\"wp-block-cover__inner-container is-layout-flow wp-block-cover-is-layout-flow\">\n<h3 class=\"wp-block-heading has-text-align-center has-neve-text-color-color has-text-color\"><strong>PERMACULTURE<\/strong><\/h3>\n\n\n\n<p class=\"has-text-align-center has-neve-text-color-color has-text-color\"><strong><a href=\"https:\/\/www.semisauvages.net\/definitions-permaculture-semisauvages.html\">D\u00e9finitions<\/a><\/strong><br>S\u00e9lection de d\u00e9finitions de la permaculture<strong> <a href=\"https:\/\/www.semisauvages.net\/liens-url-permaculture-semisauvages.html\"><br>Liens Web<\/a><\/strong><br>S\u00e9lection de liens web<br><a href=\"https:\/\/www.semisauvages.net\/citations-permaculture-semisauvages.html\"><strong>Citations<br><\/strong><\/a>S\u00e9lection de citations li\u00e9es \u00e0 la permaculture<a href=\"https:\/\/www.semisauvages.net\/citations-permaculture-semisauvages.html\"><\/a><\/p>\n<\/div><\/div>\n<\/div>\n\n\n\n<div class=\"wp-block-column is-layout-flow wp-block-column-is-layout-flow\">\n<div class=\"wp-block-cover is-light\" style=\"min-height:300px;aspect-ratio:unset;\"><span aria-hidden=\"true\" class=\"wp-block-cover__background has-nv-light-bg-background-color has-background-dim-100 has-background-dim\"><\/span><div class=\"wp-block-cover__inner-container is-layout-flow wp-block-cover-is-layout-flow\">\n<h3 class=\"wp-block-heading has-text-align-center has-neve-text-color-color has-text-color\"><strong>INFOS<\/strong><\/h3>\n\n\n\n<p class=\"has-text-align-center has-neve-text-color-color has-text-color\"><a href=\"https:\/\/www.semisauvages.net\/blog\" target=\"_blank\" rel=\"noreferrer noopener\"><strong>Blog Semis Sauvages<br><\/strong><\/a>Articles sur des sujets li\u00e9s \u00e0 la permaculture, des sujets connexes et des r\u00e9flexions et opinions de leurs auteurs<br><a href=\"https:\/\/semisauvages.net\/ressources-6e-rapport-giec-fr.html\"><strong>Traduction citoyenne libre<\/strong><br><\/a><strong>GIEC AR6 SYR en fran\u00e7ais<\/strong><br>RAPPORT DE SYNTH\u00c8SE DU SIXI\u00c8ME RAPPORT D&rsquo;\u00c9VALUATION DU GIEC<br>R\u00e9sum\u00e9 pour les d\u00e9cideurs<\/p>\n<\/div><\/div>\n<\/div>\n<\/div>\n\n\n\n<div class=\"wp-block-columns is-layout-flex wp-container-core-columns-is-layout-9d6595d7 wp-block-columns-is-layout-flex\">\n<div class=\"wp-block-column is-layout-flow wp-block-column-is-layout-flow\">\n<div class=\"wp-block-cover is-light\" style=\"min-height:300px;aspect-ratio:unset;\"><span aria-hidden=\"true\" class=\"wp-block-cover__background has-nv-light-bg-background-color has-background-dim-100 has-background-dim\"><\/span><div class=\"wp-block-cover__inner-container is-layout-flow wp-block-cover-is-layout-flow\">\n<h3 class=\"wp-block-heading has-text-align-center has-neve-text-color-color has-text-color\"><strong>PORTFOLIO<\/strong><\/h3>\n\n\n\n<p class=\"has-text-align-center has-neve-text-color-color has-text-color\"><strong><a href=\"https:\/\/www.semisauvages.net\/memoire-dpa-marc-zischka-semisauvages.html\"><br>M\u00e9moire Dipl\u00f4me Permaculture Appliqu\u00e9e<\/a><\/strong><br>Consulter ou t\u00e9l\u00e9charger le m\u00e9moire de Marc Zischka, designer dipl\u00f4m\u00e9 en permaculture appliqu\u00e9e<\/p>\n<\/div><\/div>\n<\/div>\n\n\n\n<div class=\"wp-block-column is-layout-flow wp-block-column-is-layout-flow\">\n<div class=\"wp-block-cover is-light\" style=\"min-height:300px;aspect-ratio:unset;\"><span aria-hidden=\"true\" class=\"wp-block-cover__background has-nv-light-bg-background-color has-background-dim-100 has-background-dim\"><\/span><div class=\"wp-block-cover__inner-container is-layout-flow wp-block-cover-is-layout-flow\">\n<h3 class=\"wp-block-heading has-text-align-center has-neve-text-color-color has-text-color\">ACC\u00c8S<\/h3>\n\n\n\n<p><a href=\"https:\/\/semisauvages.net\/boutique\/\" target=\"_blank\" rel=\"noreferrer noopener\"><strong>Boutique<\/strong><\/a><br><a href=\"https:\/\/www.semisauvages.net\/production-video-semis-sauvages.html\" target=\"_blank\" rel=\"noreferrer noopener\"><strong>Vid\u00e9os permaculture<\/strong><\/a><\/p>\n<\/div><\/div>\n\n\n\n<p><\/p>\n<\/div>\n<\/div>\n\n\n\n<div class=\"wp-block-columns is-layout-flex wp-container-core-columns-is-layout-9d6595d7 wp-block-columns-is-layout-flex\">\n<div class=\"wp-block-column is-layout-flow wp-block-column-is-layout-flow\">\n<div class=\"wp-block-cover\" style=\"min-height:300px;aspect-ratio:unset;\"><span aria-hidden=\"true\" class=\"wp-block-cover__background has-nv-light-bg-background-color has-background-dim-100 has-background-dim\"><\/span><div class=\"wp-block-cover__inner-container is-layout-flow wp-block-cover-is-layout-flow\">\n<h3 class=\"wp-block-heading has-text-align-center has-neve-text-color-color has-text-color\"><strong>Contexte &#8211; background<\/strong><\/h3>\n\n\n\n<p class=\"has-text-align-center has-neve-text-color-color has-text-color\">Pour mieux comprendre le contexte et les enjeux de la situation \u00e9cologique :&nbsp;<br><a href=\"https:\/\/www.semisauvages.net\/newsletters-epi-lester-brown\/index1-lester-brown-earth-policy-institute.html\" target=\"_blank\" rel=\"noreferrer noopener\"><strong>Newsletters E P I<\/strong><\/a> (Earth Policy Institute)<br><br>Les livres <a href=\"http:\/\/www.earth-policy.org\/books\/pb2\/pb2_table_of_contents\" target=\"_blank\" rel=\"noreferrer noopener\">Plan B<\/a> et <a href=\"https:\/\/www.semisauvages.net\/planB.html\" target=\"_blank\" rel=\"noreferrer noopener\">Basculement<\/a> de Lester Brown fait partie des livres indispensables. Ils transmettent une compr\u00e9hension globale des \u00e9v\u00e9nements en cours sur la plan\u00e8te. Les francophones peuvent &lsquo;acc\u00e9der aux articles traduits en cliquant sur le lien ci &#8211; dessus.<\/p>\n<\/div><\/div>\n<\/div>\n\n\n\n<div class=\"wp-block-column is-layout-flow wp-block-column-is-layout-flow\">\n<div class=\"wp-block-cover\" style=\"min-height:300px;aspect-ratio:unset;\"><span aria-hidden=\"true\" class=\"wp-block-cover__background has-nv-light-bg-background-color has-background-dim-100 has-background-dim\"><\/span><div class=\"wp-block-cover__inner-container is-layout-flow wp-block-cover-is-layout-flow\">\n<h3 class=\"wp-block-heading has-text-align-center has-neve-text-color-color has-text-color\"><strong>FORMATION EN LIGNE<\/strong><\/h3>\n\n\n\n<p><a href=\"https:\/\/semisauvages.net\/formations-permaculture\/beta-test_formation-permaculture-en-ligne.html\" target=\"_blank\" rel=\"noreferrer noopener\"><strong>Permaculture distancielle<\/strong><\/a><br><a href=\"https:\/\/semisauvages.net\/forum\/\" target=\"_blank\" rel=\"noreferrer noopener\"><strong>Perma Forum<\/strong><\/a><\/p>\n<\/div><\/div>\n\n\n\n<p><\/p>\n<\/div>\n<\/div>\n\n\n\n<p><a href=\"https:\/\/www.semisauvages.net\/sitemap-semisauvages.html\"><strong>Carte du site<\/strong><\/a> Des suggestions pour cette page ? <strong><a href=\"https:\/\/semisauvages.net\/permaculture\/contact\/\" data-type=\"page\" data-id=\"9\">Contactez-nous<\/a> <\/strong><\/p>\n\n\n\n<figure class=\"wp-block-image size-full is-resized\"><img decoding=\"async\" width=\"276\" height=\"310\" src=\"https:\/\/semisauvages.net\/permaculture\/wp-content\/uploads\/2024\/04\/construction.gif\" alt=\"\" class=\"wp-image-114\" style=\"width:142px;height:auto\"\/><\/figure>\n\n\n\n<div class=\"wp-block-cover alignfull is-light\"><span aria-hidden=\"true\" class=\"wp-block-cover__background has-nv-dark-bg-background-color has-background-dim-100 has-background-dim\"><\/span><div class=\"wp-block-cover__inner-container is-layout-flow wp-block-cover-is-layout-flow\">\n<div class=\"wp-block-columns are-vertically-aligned-center is-layout-flex wp-container-core-columns-is-layout-9d6595d7 wp-block-columns-is-layout-flex\">\n<div class=\"wp-block-column is-vertically-aligned-center is-layout-flow wp-block-column-is-layout-flow\">\n<h2 class=\"wp-block-heading has-nv-text-dark-bg-color has-text-color\"><\/h2>\n\n\n\n<h2 class=\"wp-block-heading has-nv-text-dark-bg-color has-text-color\">The quick brown fox jumps over the lazy dog<\/h2>\n\n\n\n<p class=\"has-nv-text-dark-bg-color has-text-color\">Lorem ipsum, or lipsum as it is sometimes known, is dummy text used in laying out print, graphic or web designs. The passage is attributed to an unknown typesetter in the 15th century who is thought to have scrled parts of Cicero&rsquo;s De Finibus Bonorum et Malorum for use in a type spec.<\/p>\n\n\n\n<div class=\"wp-block-buttons is-layout-flex wp-block-buttons-is-layout-flex\">\n<div class=\"wp-block-button is-style-primary\"><a class=\"wp-block-button__link wp-element-button\">This is Primary Button<\/a><\/div>\n<\/div>\n<\/div>\n\n\n\n<div class=\"wp-block-column is-vertically-aligned-center is-layout-flow wp-block-column-is-layout-flow\">\n<div class=\"wp-block-columns is-layout-flex wp-container-core-columns-is-layout-9d6595d7 wp-block-columns-is-layout-flex\">\n<div class=\"wp-block-column is-layout-flow wp-block-column-is-layout-flow\">\n<figure class=\"wp-block-image size-large\"><img decoding=\"async\" src=\"https:\/\/api.themeisle.com\/templates-data\/2021\/06\/ebf0233ced7259cf0838b7ba6d3aee07siu1i89i5kajg13tap1x\/images\/neve-patterns-21.jpg\" alt=\"\" class=\"wp-image-420\"\/><\/figure>\n\n\n\n<figure class=\"wp-block-image size-large\"><img decoding=\"async\" src=\"https:\/\/api.themeisle.com\/templates-data\/2021\/06\/ebf0233ced7259cf0838b7ba6d3aee07siu1i89i5kajg13tap1x\/images\/neve-patterns-22.jpg\" alt=\"\" class=\"wp-image-421\"\/><\/figure>\n\n\n\n<p><\/p>\n<\/div>\n\n\n\n<div class=\"wp-block-column is-layout-flow wp-block-column-is-layout-flow\">\n<figure class=\"wp-block-image size-large\"><img decoding=\"async\" src=\"https:\/\/api.themeisle.com\/templates-data\/2021\/06\/ebf0233ced7259cf0838b7ba6d3aee07siu1i89i5kajg13tap1x\/images\/neve-patterns-19.jpg\" alt=\"\" class=\"wp-image-418\"\/><\/figure>\n\n\n\n<figure class=\"wp-block-image size-large\"><img decoding=\"async\" src=\"https:\/\/api.themeisle.com\/templates-data\/2021\/06\/ebf0233ced7259cf0838b7ba6d3aee07siu1i89i5kajg13tap1x\/images\/neve-patterns-20.jpg\" alt=\"\" class=\"wp-image-419\"\/><\/figure>\n<\/div>\n<\/div>\n<\/div>\n<\/div>\n\n\n\n<div style=\"height:40px\" aria-hidden=\"true\" class=\"wp-block-spacer\"><\/div>\n<\/div><\/div>\n\n\n\n<div style=\"height:50px\" aria-hidden=\"true\" class=\"wp-block-spacer\"><\/div>\n","protected":false},"excerpt":{"rendered":"<p>Carte du site Des suggestions pour cette page ? Contactez-nous<\/p>\n","protected":false},"author":1,"featured_media":0,"parent":0,"menu_order":0,"comment_status":"closed","ping_status":"closed","template":"","meta":{"neve_meta_sidebar":"full-width","neve_meta_container":"contained","neve_meta_enable_content_width":"on","neve_meta_content_width":100,"neve_meta_title_alignment":"","neve_meta_author_avatar":"","neve_post_elements_order":"","neve_meta_disable_header":"","neve_meta_disable_footer":"","neve_meta_disable_title":"on","_ti_tpc_template_sync":false,"_ti_tpc_template_id":"","footnotes":""},"class_list":["post-110","page","type-page","status-publish","hentry"],"_links":{"self":[{"href":"https:\/\/semisauvages.net\/permaculture\/wp-json\/wp\/v2\/pages\/110","targetHints":{"allow":["GET"]}}],"collection":[{"href":"https:\/\/semisauvages.net\/permaculture\/wp-json\/wp\/v2\/pages"}],"about":[{"href":"https:\/\/semisauvages.net\/permaculture\/wp-json\/wp\/v2\/types\/page"}],"author":[{"embeddable":true,"href":"https:\/\/semisauvages.net\/permaculture\/wp-json\/wp\/v2\/users\/1"}],"replies":[{"embeddable":true,"href":"https:\/\/semisauvages.net\/permaculture\/wp-json\/wp\/v2\/comments?post=110"}],"version-history":[{"count":26,"href":"https:\/\/semisauvages.net\/permaculture\/wp-json\/wp\/v2\/pages\/110\/revisions"}],"predecessor-version":[{"id":269,"href":"https:\/\/semisauvages.net\/permaculture\/wp-json\/wp\/v2\/pages\/110\/revisions\/269"}],"wp:attachment":[{"href":"https:\/\/semisauvages.net\/permaculture\/wp-json\/wp\/v2\/media?parent=110"}],"curies":[{"name":"wp","href":"https:\/\/api.w.org\/{rel}","templated":true}]}}