{"id":11,"date":"2024-03-27T23:52:49","date_gmt":"2024-03-27T23:52:49","guid":{"rendered":"https:\/\/semisauvages.net\/permaculture\/?page_id=11"},"modified":"2024-04-29T21:15:44","modified_gmt":"2024-04-29T21:15:44","slug":"details-du-projet","status":"publish","type":"page","link":"https:\/\/semisauvages.net\/permaculture\/details-du-projet\/","title":{"rendered":"Design en permaculture"},"content":{"rendered":"\n<div class=\"wp-block-cover alignfull is-light\" style=\"min-height:320px;aspect-ratio:unset;\"><span aria-hidden=\"true\" class=\"wp-block-cover__background has-nv-site-bg-background-color has-background-dim-100 has-background-dim\"><\/span><div class=\"wp-block-cover__inner-container is-layout-flow wp-block-cover-is-layout-flow\">\n<div class=\"wp-block-group\"><div class=\"wp-block-group__inner-container is-layout-flow wp-block-group-is-layout-flow\">\n<div class=\"wp-block-columns are-vertically-aligned-center is-layout-flex wp-container-core-columns-is-layout-9d6595d7 wp-block-columns-is-layout-flex\">\n<div class=\"wp-block-column is-vertically-aligned-center is-layout-flow wp-block-column-is-layout-flow\" style=\"flex-basis:70%\">\n<h1 class=\"wp-block-heading has-text-align-left has-neve-text-color-color has-text-color\">Design en permaculture<\/h1>\n\n\n\n<p><br>Je mets mes comp\u00e9tences de designer en permaculture au service de votre projet. Mon approche est cr\u00e9ative et pragmatique. Je peux me concentrer sur une \u00e9tape du processus de conception ou un aspect particulier de votre projet. Je peux aussi \u00e9laborer un design global de votre lieu de vie ou site&#8230;<\/p>\n\n\n\n<p>Faire appel \u00e0 un <a href=\"https:\/\/www.semisauvages.net\/designer-demarche_design_permaculture.html\"><strong>designer en permaculture<\/strong><\/a> vous permet d&rsquo;avoir une vue d&rsquo;ensemble, vous restez ma\u00eetre d&rsquo;ouvrage et orientez mon travail. Lorsque les livrables pr\u00e9vus pour le design en permaculture ont une forme et un fond qui vous conviennent, ma mission de conception s&rsquo;ach\u00e8ve.<\/p>\n\n\n\n<p>Accompagnement de design<br>Je vous accompagne sur votre <a href=\"https:\/\/www.semisauvages.net\/demarche_design_permaculture.html\"><strong>design permaculturel<\/strong><\/a> en mati\u00e8re de m\u00e9thodologie, d&rsquo;organisation, de contacts et essaie d&rsquo;apporter un plus original par mon imagination. Pour votre conception de site, SemiSauvages met \u00e0 votre service des m\u00e9thodologies \u00e9prouv\u00e9es, des id\u00e9es, des contacts et des savoirs.<\/p>\n\n\n\n<p>Pour la cr\u00e9ation de votre lieu de vie, ou son r\u00e9am\u00e9nagement, vous \u00eates accompagn\u00e9 sur la base d&rsquo;une mission cadr\u00e9e ensemble ou de l&rsquo;achat d&rsquo;un forfait temps, qui ressemble \u00e0 du support technique.<\/p>\n\n\n\n<p><\/p>\n<\/div>\n\n\n\n<div class=\"wp-block-column is-vertically-aligned-center is-layout-flow wp-block-column-is-layout-flow\" style=\"flex-basis:30%\"><\/div>\n<\/div>\n<\/div><\/div>\n<\/div><\/div>\n\n\n\n<div class=\"wp-block-cover alignfull is-light\" style=\"min-height:600px;aspect-ratio:unset;\"><span aria-hidden=\"true\" class=\"wp-block-cover__background has-nv-light-bg-background-color has-background-dim-100 has-background-dim\"><\/span><div class=\"wp-block-cover__inner-container is-layout-flow wp-block-cover-is-layout-flow\">\n<div class=\"wp-block-group\"><div class=\"wp-block-group__inner-container is-layout-flow wp-block-group-is-layout-flow\">\n<div style=\"height:80px\" aria-hidden=\"true\" class=\"wp-block-spacer\"><\/div>\n\n\n\n<div class=\"wp-block-columns is-layout-flex wp-container-core-columns-is-layout-9d6595d7 wp-block-columns-is-layout-flex\">\n<div class=\"wp-block-column is-layout-flow wp-block-column-is-layout-flow\" style=\"flex-basis:66.79%\">\n<figure class=\"wp-block-image size-full\"><img fetchpriority=\"high\" decoding=\"async\" width=\"425\" height=\"292\" src=\"https:\/\/semisauvages.net\/permaculture\/wp-content\/uploads\/2024\/04\/solve-5-enjeux.jpg\" alt=\"\" class=\"wp-image-139\" srcset=\"https:\/\/semisauvages.net\/permaculture\/wp-content\/uploads\/2024\/04\/solve-5-enjeux.jpg 425w, https:\/\/semisauvages.net\/permaculture\/wp-content\/uploads\/2024\/04\/solve-5-enjeux-300x206.jpg 300w\" sizes=\"(max-width: 425px) 100vw, 425px\" \/><\/figure>\n\n\n\n<div style=\"height:40px\" aria-hidden=\"true\" class=\"wp-block-spacer\"><\/div>\n<\/div>\n\n\n\n<div class=\"wp-block-column is-layout-flow wp-block-column-is-layout-flow\" style=\"flex-basis:34%\">\n<p><\/p>\n\n\n\n<p>Je suis bas\u00e9 \u00e0 Larchant, au Sud de la Seine et Marne (77), en Ile de France, \u00e0 75 km de Paris (et 1h15 en train, arriv\u00e9e en gare SNCF de Nemours &#8211; Saint Pierre).<\/p>\n\n\n\n<div class=\"wp-block-buttons is-layout-flex wp-block-buttons-is-layout-flex\">\n<div class=\"wp-block-button is-style-primary\"><a class=\"wp-block-button__link wp-element-button\" href=\"https:\/\/semisauvages.net\/boutique\/conception-de-lieu\">NOTRE OFFRE<\/a><\/div>\n<\/div>\n\n\n\n<hr class=\"wp-block-separator has-css-opacity has-text-color has-neve-text-color-color has-neve-text-color-background-color has-background is-style-default\"\/>\n\n\n\n<div style=\"height:24px\" aria-hidden=\"true\" class=\"wp-block-spacer\"><\/div>\n\n\n\n<p class=\"has-neve-text-color-color has-text-color\"><\/p>\n<\/div>\n<\/div>\n\n\n\n<div style=\"height:40px\" aria-hidden=\"true\" class=\"wp-block-spacer\"><\/div>\n<\/div><\/div>\n<\/div><\/div>\n\n\n\n<div class=\"wp-block-cover alignfull is-light\" style=\"min-height:600px;aspect-ratio:unset;\"><span aria-hidden=\"true\" class=\"wp-block-cover__background has-nv-site-bg-background-color has-background-dim-100 has-background-dim\"><\/span><div class=\"wp-block-cover__inner-container is-layout-flow wp-block-cover-is-layout-flow\">\n<div class=\"wp-block-group\"><div class=\"wp-block-group__inner-container is-layout-flow wp-block-group-is-layout-flow\">\n<div style=\"height:80px\" aria-hidden=\"true\" class=\"wp-block-spacer\"><\/div>\n\n\n\n<h2 class=\"wp-block-heading has-neve-text-color-color has-text-color\">Autres projets<\/h2>\n\n\n\n<div style=\"height:20px\" aria-hidden=\"true\" class=\"wp-block-spacer\"><\/div>\n\n\n\n<div class=\"wp-block-columns are-vertically-aligned-center is-layout-flex wp-container-core-columns-is-layout-9d6595d7 wp-block-columns-is-layout-flex\">\n<div class=\"wp-block-column is-vertically-aligned-center is-layout-flow wp-block-column-is-layout-flow\" style=\"flex-basis:50%\">\n<figure class=\"wp-block-image size-full\"><img decoding=\"async\" width=\"400\" height=\"349\" src=\"https:\/\/semisauvages.net\/permaculture\/wp-content\/uploads\/2024\/04\/fleur-permaculture-design.jpg\" alt=\"\" class=\"wp-image-140\" srcset=\"https:\/\/semisauvages.net\/permaculture\/wp-content\/uploads\/2024\/04\/fleur-permaculture-design.jpg 400w, https:\/\/semisauvages.net\/permaculture\/wp-content\/uploads\/2024\/04\/fleur-permaculture-design-300x262.jpg 300w\" sizes=\"(max-width: 400px) 100vw, 400px\" \/><\/figure>\n\n\n\n<div style=\"height:40px\" aria-hidden=\"true\" class=\"wp-block-spacer\"><\/div>\n<\/div>\n\n\n\n<div class=\"wp-block-column is-vertically-aligned-center is-layout-flow wp-block-column-is-layout-flow\" style=\"flex-basis:50%\">\n<figure class=\"wp-block-image size-large is-resized\"><img decoding=\"async\" width=\"1024\" height=\"422\" src=\"https:\/\/semisauvages.net\/permaculture\/wp-content\/uploads\/2024\/04\/design-1024x422.jpg\" alt=\"\" class=\"wp-image-194\" style=\"width:723px;height:auto\" srcset=\"https:\/\/semisauvages.net\/permaculture\/wp-content\/uploads\/2024\/04\/design-1024x422.jpg 1024w, https:\/\/semisauvages.net\/permaculture\/wp-content\/uploads\/2024\/04\/design-300x124.jpg 300w, https:\/\/semisauvages.net\/permaculture\/wp-content\/uploads\/2024\/04\/design-768x317.jpg 768w, https:\/\/semisauvages.net\/permaculture\/wp-content\/uploads\/2024\/04\/design.jpg 1101w\" sizes=\"(max-width: 1024px) 100vw, 1024px\" \/><\/figure>\n\n\n\n<div style=\"height:40px\" aria-hidden=\"true\" class=\"wp-block-spacer\"><\/div>\n\n\n\n<p>Consultez notre catalogue de prestations de design :<br><a href=\"https:\/\/semisauvages.net\/boutique\/conception-de-lieu\">https:\/\/semisauvages.net\/boutique\/conception-de-lieu<\/a><br>et la page des conceptions et designs bioclimatiques :<br><a href=\"https:\/\/semisauvages.net\/bioclimatique\/design-bioclimatique.html\">https:\/\/semisauvages.net\/bioclimatique\/design-bioclimatique.html<\/a><\/p>\n<\/div>\n<\/div>\n\n\n\n<div style=\"height:40px\" aria-hidden=\"true\" class=\"wp-block-spacer\"><\/div>\n<\/div><\/div>\n<\/div><\/div>\n\n\n\n<div class=\"wp-block-cover alignfull is-light\" style=\"min-height:300px;aspect-ratio:unset;\"><span aria-hidden=\"true\" class=\"wp-block-cover__background has-nv-dark-bg-background-color has-background-dim-100 has-background-dim\"><\/span><div class=\"wp-block-cover__inner-container is-layout-flow wp-block-cover-is-layout-flow\">\n<div style=\"height:140px\" aria-hidden=\"true\" class=\"wp-block-spacer\"><\/div>\n\n\n\n<h2 class=\"wp-block-heading has-text-align-center has-nv-text-dark-bg-color has-text-color\">Travaillons ensemble pour votre prochaine conception permaculturelle<\/h2>\n\n\n\n<p class=\"has-text-align-center has-neve-link-color-color has-text-color has-link-color has-medium-font-size wp-elements-a177cd03e1c9b2218f9d6708aaffdbf9\">Pour d\u00e9marrer un accompagnement, une consultation ou commander un design en permaculture, <br>rien de plus simple, envoyez nous un m\u00e9l, nous reviendrons rapidement vers vous.<\/p>\n\n\n\n<div class=\"wp-block-buttons is-content-justification-center is-layout-flex wp-container-core-buttons-is-layout-16018d1d wp-block-buttons-is-layout-flex\">\n<div class=\"wp-block-button is-style-primary\"><a class=\"wp-block-button__link wp-element-button\" href=\"mailto:contact@semisauvages.net\">ECRIRE UN MAIL<\/a><\/div>\n<\/div>\n\n\n\n<div style=\"height:140px\" aria-hidden=\"true\" class=\"wp-block-spacer\"><\/div>\n<\/div><\/div>\n","protected":false},"excerpt":{"rendered":"","protected":false},"author":1,"featured_media":0,"parent":0,"menu_order":0,"comment_status":"closed","ping_status":"closed","template":"","meta":{"neve_meta_sidebar":"","neve_meta_container":"","neve_meta_enable_content_width":"on","neve_meta_content_width":100,"neve_meta_title_alignment":"","neve_meta_author_avatar":"","neve_post_elements_order":"","neve_meta_disable_header":"","neve_meta_disable_footer":"","neve_meta_disable_title":"on","_ti_tpc_template_sync":false,"_ti_tpc_template_id":"","footnotes":""},"class_list":["post-11","page","type-page","status-publish","hentry"],"_links":{"self":[{"href":"https:\/\/semisauvages.net\/permaculture\/wp-json\/wp\/v2\/pages\/11","targetHints":{"allow":["GET"]}}],"collection":[{"href":"https:\/\/semisauvages.net\/permaculture\/wp-json\/wp\/v2\/pages"}],"about":[{"href":"https:\/\/semisauvages.net\/permaculture\/wp-json\/wp\/v2\/types\/page"}],"author":[{"embeddable":true,"href":"https:\/\/semisauvages.net\/permaculture\/wp-json\/wp\/v2\/users\/1"}],"replies":[{"embeddable":true,"href":"https:\/\/semisauvages.net\/permaculture\/wp-json\/wp\/v2\/comments?post=11"}],"version-history":[{"count":6,"href":"https:\/\/semisauvages.net\/permaculture\/wp-json\/wp\/v2\/pages\/11\/revisions"}],"predecessor-version":[{"id":196,"href":"https:\/\/semisauvages.net\/permaculture\/wp-json\/wp\/v2\/pages\/11\/revisions\/196"}],"wp:attachment":[{"href":"https:\/\/semisauvages.net\/permaculture\/wp-json\/wp\/v2\/media?parent=11"}],"curies":[{"name":"wp","href":"https:\/\/api.w.org\/{rel}","templated":true}]}}